{"id":2259,"date":"2017-12-22T12:49:00","date_gmt":"2017-12-22T12:49:00","guid":{"rendered":"http:\/\/homepage.zeltlager-ow.de\/?page_id=2259"},"modified":"2022-01-17T19:02:30","modified_gmt":"2022-01-17T19:02:30","slug":"about-us-style-1","status":"publish","type":"page","link":"http:\/\/homepage.zeltlager-ow.de\/","title":{"rendered":"Startseite"},"content":{"rendered":"<p>[vc_row][vc_column icons_position=&#8220;left&#8220;][vc_empty_space hide_on_desktop=&#8220;&#8220; hide_on_notebook=&#8220;&#8220; hide_on_tablet=&#8220;&#8220; hide_on_mobile=&#8220;&#8220;][\/vc_column][\/vc_row][vc_row hide_bg_image_on_tablet=&#8220;&#8220; hide_bg_image_on_mobile=&#8220;&#8220; css=&#8220;.vc_custom_1528968706455{margin-top: -6vw !important;}&#8220;][vc_column width=&#8220;1\/2&#8243; hide_bg_image_on_tablet=&#8220;&#8220; hide_bg_image_on_mobile=&#8220;&#8220; icons_position=&#8220;left&#8220; css=&#8220;.vc_custom_1528968710266{margin-top: 6vw !important;}&#8220;]<div id=\"sc_icons_1303857236\" \n\tclass=\"sc_icons sc_icons_default sc_icons_size_medium sc_align_center\"><h2 class=\"sc_item_title sc_icons_title sc_align_center sc_item_title_style_default\">Zeltlager Oberwerries<\/h2><h6 class=\"sc_item_subtitle sc_icons_subtitle sc_align_center sc_item_title_style_default\">Sch\u00f6n, dass du da bist!<\/h6><div class=\"sc_item_descr sc_icons_descr sc_align_center\"><p>Die Zeltlagerfreizeit des WTJ kann mittlerweile auf eine \u00fcber 60-j\u00e4hrige Tradition zur\u00fcck blicken. Die vielf\u00e4ltigen M\u00f6glichkeiten auf dem Gel\u00e4nde des Westf\u00e4lischen Turnerbundes bieten ideale Bedingungen um eine Freizeit zu gestalten. Hierzu z\u00e4hlen die gro\u00dfe Wiese mit zwei Fu\u00dfballtoren und die anderen Gr\u00fcnfl\u00e4chen, die Sporthallen, die Lippe, die umliegenden Wege und je nach Wetter auch der Pool, ebenso wie der nahegelegen Maximillianpark. Neben allerlei Spiele gibt es auch die verschiedensten Bastel- und Sportangebote. Nat\u00fcrlich darf ein Lagerfeuer mit Stockbrot nicht fehlen.<\/p>\n<p>Bereits 2 mal wurde das Zeltlager bereits mit dem Ferienoskar der Westf\u00e4lischen Nachrichten ausgezeichnet.<\/p>\n<\/div><div class=\"sc_icons_columns_wrap sc_item_columns trx_addons_columns_wrap columns_padding_bottom\"><div class=\"trx_addons_column-1_3\"><div class=\"sc_icons_item\"><div id=\"sc_icons_1303857236_icon-008_tents\" class=\"sc_icons_icon sc_icon_type_ icon-008_tents\"\n\t\t\t\t\t\t style=\"color: #f2682a\"\t\t\t\t\t\t><span class=\"sc_icon_type_ icon-008_tents\" style=\"color: #f2682a\"><\/span><\/div><h4 class=\"sc_icons_item_title\"><span>Gro\u00dfe Zelte<\/span><\/h4><\/div><\/div><div class=\"trx_addons_column-1_3\"><div class=\"sc_icons_item\"><div id=\"sc_icons_1303857236_icon-009_fire\" class=\"sc_icons_icon sc_icon_type_ icon-009_fire\"\n\t\t\t\t\t\t style=\"color: #f2682a\"\t\t\t\t\t\t><span class=\"sc_icon_type_ icon-009_fire\" style=\"color: #f2682a\"><\/span><\/div><h4 class=\"sc_icons_item_title\"><span>Lagerfeuer<\/span><\/h4><\/div><\/div><div class=\"trx_addons_column-1_3\"><div class=\"sc_icons_item\"><div id=\"sc_icons_1303857236_icon-010_activities\" class=\"sc_icons_icon sc_icon_type_ icon-010_activities\"\n\t\t\t\t\t\t style=\"color: #f2682a\"\t\t\t\t\t\t><span class=\"sc_icon_type_ icon-010_activities\" style=\"color: #f2682a\"><\/span><\/div><h4 class=\"sc_icons_item_title\"><span>Sport &amp; Spiele<\/span><\/h4><\/div><\/div><\/div><\/div><!-- \/.sc_icons -->[\/vc_column][vc_column width=&#8220;1\/2&#8243; hide_bg_image_on_tablet=&#8220;&#8220; hide_bg_image_on_mobile=&#8220;&#8220; icons_position=&#8220;left&#8220; css=&#8220;.vc_custom_1528968714514{margin-top: 6vw !important;}&#8220;][vc_single_image image=&#8220;2000&#8243; img_size=&#8220;619&#215;674&#8243; css=&#8220;.vc_custom_1641815935391{margin-top: 20px !important;}&#8220;][\/vc_column][\/vc_row][vc_row hide_bg_image_on_tablet=&#8220;&#8220; hide_bg_image_on_mobile=&#8220;&#8220; css=&#8220;.vc_custom_1641830989856{background-color: rgba(255,255,255,0.01) !important;*background-color: rgb(255,255,255) !important;}&#8220;][vc_column width=&#8220;6\/12&#8243; hide_bg_image_on_tablet=&#8220;&#8220; hide_bg_image_on_mobile=&#8220;&#8220; icons_position=&#8220;left&#8220; css=&#8220;.vc_custom_1528969456701{margin-top: 6vw !important;}&#8220;][vc_single_image image=&#8220;2268&#8243; img_size=&#8220;619&#215;675&#8243;][\/vc_column][vc_column width=&#8220;5\/12&#8243; hide_bg_image_on_tablet=&#8220;&#8220; hide_bg_image_on_mobile=&#8220;&#8220; icons_position=&#8220;left&#8220; css=&#8220;.vc_custom_1642446148419{margin-top: 6vw !important;}&#8220;][vc_empty_space height=&#8220;4vw&#8220; alter_height=&#8220;none&#8220; hide_on_desktop=&#8220;&#8220; hide_on_notebook=&#8220;&#8220; hide_on_tablet=&#8220;1&#8243; hide_on_mobile=&#8220;1&#8243;]<div id=\"sc_title_2011631205\"\n\t\tclass=\"sc_title color_style_default sc_title_default  vc_custom_1641821473146\"><h2 class=\"sc_item_title sc_title_title sc_align_center sc_item_title_style_default\">\u00dcBER UNS<\/h2><h6 class=\"sc_item_subtitle sc_title_subtitle sc_align_center sc_item_title_style_default\">WOF\u00dcR WIR STEHEN<\/h6><div class=\"sc_item_descr sc_title_descr sc_align_center\"><p>2 Wochen in einem Zeltlager zu sein, das sollte jedem Kind in Erinnerung bleiben. Daf\u00fcr versuchen wir jeden Tag aufs Neue Spannende Angebote zu gestalten, Abenteuer zu erleben und jeden Tag zu etwas Besonderem zu machen<\/p>\n<\/div><\/div><!-- \/.sc_title -->[vc_progress_bar values=&#8220;%5B%7B%22label%22%3A%22Spa%C3%9F%22%2C%22value%22%3A%22100%22%2C%22color%22%3A%22custom%22%2C%22customcolor%22%3A%22%23f2682a%22%7D%2C%7B%22label%22%3A%22Action%20pur%22%2C%22value%22%3A%22100%22%2C%22color%22%3A%22custom%22%2C%22customcolor%22%3A%22%23f2682a%22%7D%2C%7B%22label%22%3A%22Sport%20%22%2C%22value%22%3A%22100%22%2C%22color%22%3A%22custom%22%2C%22customcolor%22%3A%22%23f2682a%22%7D%2C%7B%22label%22%3A%22Spiele%22%2C%22value%22%3A%22100%22%2C%22color%22%3A%22custom%22%2C%22customcolor%22%3A%22%23f2682a%22%7D%5D&#8220; narrow=&#8220;1&#8243; inverse=&#8220;1&#8243; units=&#8220;%&#8220; css=&#8220;.vc_custom_1642446134114{background-image: url(http:\/\/homepage.zeltlager-ow.de\/wp-content\/uploads\/2022\/01\/Download.jpeg?id=2267) !important;background-position: bottom center !important;background-repeat: no-repeat !important;background-size: contain !important;}&#8220;][\/vc_column][\/vc_row][vc_row full_width=&#8220;stretch_row&#8220; hide_bg_image_on_tablet=&#8220;&#8220; hide_bg_image_on_mobile=&#8220;&#8220; css=&#8220;.vc_custom_1641829338336{margin-top: 50px !important;background-color: #dbdbdb !important;}&#8220;][vc_column icons_position=&#8220;left&#8220; css=&#8220;.vc_custom_1641831406072{background-color: rgba(239,239,239,0.01) !important;*background-color: rgb(239,239,239) !important;}&#8220; el_id=&#8220;anmeldung&#8220;][vc_empty_space hide_on_desktop=&#8220;&#8220; hide_on_notebook=&#8220;&#8220; hide_on_tablet=&#8220;&#8220; hide_on_mobile=&#8220;&#8220;]<div id=\"sc_title_1173343192\"\n\t\tclass=\"sc_title color_style_default sc_title_default\"><h2 class=\"sc_item_title sc_title_title sc_align_left sc_item_title_style_default\">Anmeldung<\/h2><h6 class=\"sc_item_subtitle sc_title_subtitle sc_align_left sc_item_title_style_default\">...einfach per Mail<\/h6><\/div><!-- \/.sc_title -->[vc_empty_space height=&#8220;10px&#8220; hide_on_desktop=&#8220;&#8220; hide_on_notebook=&#8220;&#8220; hide_on_tablet=&#8220;&#8220; hide_on_mobile=&#8220;&#8220;]<div role=\"form\" class=\"wpcf7\" id=\"wpcf7-f2226-o1\" lang=\"de-DE\" dir=\"ltr\">\n<div class=\"screen-reader-response\"><p role=\"status\" aria-live=\"polite\" aria-atomic=\"true\"><\/p> <ul><\/ul><\/div>\n<form action=\"\/index.php?rest_route=%2Fwp%2Fv2%2Fpages%2F2259#wpcf7-f2226-o1\" method=\"post\" class=\"wpcf7-form init\" novalidate=\"novalidate\" data-status=\"init\">\n<div style=\"display: none;\">\n<input type=\"hidden\" name=\"_wpcf7\" value=\"2226\" \/>\n<input type=\"hidden\" name=\"_wpcf7_version\" value=\"5.5.3\" \/>\n<input type=\"hidden\" name=\"_wpcf7_locale\" value=\"de_DE\" \/>\n<input type=\"hidden\" name=\"_wpcf7_unit_tag\" value=\"wpcf7-f2226-o1\" \/>\n<input type=\"hidden\" name=\"_wpcf7_container_post\" value=\"0\" \/>\n<input type=\"hidden\" name=\"_wpcf7_posted_data_hash\" value=\"\" \/>\n<\/div>\n<p><span class=\"wpcf7-form-control-wrap VornameKind\"><input type=\"text\" name=\"VornameKind\" value=\"\" size=\"40\" class=\"wpcf7-form-control wpcf7-text wpcf7-validates-as-required\" aria-required=\"true\" aria-invalid=\"false\" placeholder=\"Vorname des Kindes\" \/><\/span><\/p>\n<p><span class=\"wpcf7-form-control-wrap NachnameKind\"><input type=\"text\" name=\"NachnameKind\" value=\"\" size=\"40\" class=\"wpcf7-form-control wpcf7-text wpcf7-validates-as-required\" aria-required=\"true\" aria-invalid=\"false\" placeholder=\"Nachname des Kinds\" \/><\/span><\/p>\n<p><span class=\"wpcf7-form-control-wrap menu-271\"><select name=\"menu-271\" class=\"wpcf7-form-control wpcf7-select\" aria-invalid=\"false\"><option value=\"\">---<\/option><option value=\"Junge\">Junge<\/option><option value=\"M\u00e4dchen\">M\u00e4dchen<\/option><\/select><\/span><\/p>\n<p><span class=\"wpcf7-form-control-wrap Straehausnummer\"><input type=\"text\" name=\"Straehausnummer\" value=\"\" size=\"40\" class=\"wpcf7-form-control wpcf7-text wpcf7-validates-as-required\" aria-required=\"true\" aria-invalid=\"false\" placeholder=\"Stra\u00dfe, Hausnummer\" \/><\/span><\/p>\n<p><span class=\"wpcf7-form-control-wrap PLZ\"><input type=\"text\" name=\"PLZ\" value=\"\" size=\"40\" class=\"wpcf7-form-control wpcf7-text wpcf7-validates-as-required\" aria-required=\"true\" aria-invalid=\"false\" placeholder=\"PLZ, Wohnort\" \/><\/span><\/p>\n<p><span class=\"wpcf7-form-control-wrap Erziehungsberechtigte\"><input type=\"text\" name=\"Erziehungsberechtigte\" value=\"\" size=\"40\" class=\"wpcf7-form-control wpcf7-text wpcf7-validates-as-required\" aria-required=\"true\" aria-invalid=\"false\" placeholder=\"Erziehungsberechtigte\/r\" \/><\/span><\/p>\n<p><span class=\"wpcf7-form-control-wrap Telefon\"><input type=\"tel\" name=\"Telefon\" value=\"\" size=\"40\" class=\"wpcf7-form-control wpcf7-text wpcf7-tel wpcf7-validates-as-required wpcf7-validates-as-tel\" aria-required=\"true\" aria-invalid=\"false\" placeholder=\"Telefonnummer\" \/><\/span><\/p>\n<p><span class=\"wpcf7-form-control-wrap Mail\"><input type=\"email\" name=\"Mail\" value=\"\" size=\"40\" class=\"wpcf7-form-control wpcf7-text wpcf7-email wpcf7-validates-as-required wpcf7-validates-as-email\" aria-required=\"true\" aria-invalid=\"false\" placeholder=\"E-Mail Adresse\" \/><\/span><\/p>\n<p><span class=\"wpcf7-form-control-wrap Nachricht\"><textarea name=\"Nachricht\" cols=\"40\" rows=\"10\" class=\"wpcf7-form-control wpcf7-textarea wpcf7-validates-as-required\" aria-required=\"true\" aria-invalid=\"false\" placeholder=\"Nachricht an uns\"><\/textarea><\/span><\/p>\n<p><span class=\"wpcf7-form-control-wrap checkbox-398\"><span class=\"wpcf7-form-control wpcf7-checkbox wpcf7-validates-as-required\"><span class=\"wpcf7-list-item first last\"><label><input type=\"checkbox\" name=\"checkbox-398[]\" value=\"Ich bin der Verarbeitung meiner Daten einverstanden\" \/><span class=\"wpcf7-list-item-label\">Ich bin der Verarbeitung meiner Daten einverstanden<\/span><\/label><\/span><\/span><\/span><\/p>\n<p><input type=\"submit\" value=\"Abschicken\" class=\"wpcf7-form-control has-spinner wpcf7-submit\" \/><\/p>\n<div class=\"wpcf7-response-output\" aria-hidden=\"true\"><\/div><\/form><\/div>[vc_empty_space hide_on_desktop=&#8220;&#8220; hide_on_notebook=&#8220;&#8220; hide_on_tablet=&#8220;&#8220; hide_on_mobile=&#8220;&#8220;][\/vc_column][vc_column icons_position=&#8220;left&#8220;][vc_empty_space hide_on_desktop=&#8220;&#8220; hide_on_notebook=&#8220;&#8220; hide_on_tablet=&#8220;&#8220; hide_on_mobile=&#8220;&#8220;][\/vc_column][\/vc_row][vc_row][vc_column icons_position=&#8220;left&#8220;][vc_empty_space height=&#8220;10px&#8220; hide_on_desktop=&#8220;&#8220; hide_on_notebook=&#8220;&#8220; hide_on_tablet=&#8220;&#8220; hide_on_mobile=&#8220;&#8220;]<div id=\"sc_title_1076114978\"\n\t\tclass=\"sc_title color_style_default sc_title_default\"><h2 class=\"sc_item_title sc_title_title sc_align_left sc_item_title_style_default\">Das Zeltlager<\/h2><h6 class=\"sc_item_subtitle sc_title_subtitle sc_align_left sc_item_title_style_default\">f\u00fcr euch erkl\u00e4rt<\/h6><\/div><!-- \/.sc_title -->[vc_empty_space height=&#8220;10px&#8220; hide_on_desktop=&#8220;&#8220; hide_on_notebook=&#8220;&#8220; hide_on_tablet=&#8220;&#8220; hide_on_mobile=&#8220;&#8220;][vc_tta_accordion active_section=&#8220;1&#8243;][vc_tta_section title=&#8220;Zeltlagerbestand und Einrichtung&#8220; tab_id=&#8220;1641828136568-d9a8ef98-94d6&#8243;][vc_column_text]1 Essenzelt (10x18m) mit Holzfu\u00dfboden, Tischen und B\u00e4nken<br \/>\n24 Zelte mit Holzfu\u00dfboden<br \/>\n3 Betreuerh\u00e4user<\/p>\n<p>1 Sozialgeb\u00e4ude (gemauert) mit<br \/>\nSanit\u00e4reinrichtung (WC\/Duschen) mit Sp\u00fclk\u00fcche und Kiosk und 1 Krankenzimmer mit 2 Betten<br \/>\n1 Bootssteg (mit 2 Booten) an der Lippe<br \/>\n1 Grillhaus<br \/>\n1 gro\u00dfe Spielwiese mit Fu\u00dfballtoren<br \/>\n1 Flutlichtmast zur Beleuchtung des Gel\u00e4nde[\/vc_column_text][vc_single_image image=&#8220;39&#8243; img_size=&#8220;full&#8220;][\/vc_tta_section][vc_tta_section title=&#8220;Es wird eingegrenzt&#8230;.&#8220; tab_id=&#8220;1641828136580-d95b7dff-7409&#8243;][vc_column_text]<\/p>\n<div align=\"center\">\n<p style=\"text-align: left;\">im Norden durch die Gr\u00e4fte des Wasserschlosses<br \/>\nim Osten durch eine Hecke (Trennhecke zu einer Weide)<br \/>\nim S\u00fcden durch die Lippe<br \/>\nim Westen durch eine Hecke (Trennhecke zu einem Landwirtschaftsweg und Feldern)<\/p>\n<p style=\"text-align: left;\">Es liegt im Naturschutzgebiet des Landschaftsplanes Hamm-Ost und geh\u00f6rt mit den Lippeauen zum \u00dcberschwemmungsgebiet der Lippe in Heessen und Werries. Dies bedeutet, dass bei Hochwasser das gesamte Gel\u00e4nde durchschnittlich alle zwei Jahre im Fr\u00fchjahr oder Sp\u00e4therbst \u00fcberflutet wird. Dadurch besteht die Spielwiese aus einer recht guten Rasenfl\u00e4che.<\/p>\n<\/div>\n<div align=\"center\"><\/div>\n<p>[\/vc_column_text][vc_single_image image=&#8220;2314&#8243; img_size=&#8220;large&#8220;][\/vc_tta_section][vc_tta_section title=&#8220;Nutzung&#8220; tab_id=&#8220;1641830289055-d19c7ffc-0c0b&#8220;][vc_column_text]<\/p>\n<div style=\"text-align: left;\" align=\"center\">Das Zeltlager Oberwerries steht allen Kindern und Jugendlichen aus den Vereinen des WTB f\u00fcr Freizeitma\u00dfnahmen zur Verf\u00fcgung. Die Belegung erfolgt in den 6-w\u00f6chigen Sommerferien. Die einzelnen Freizeiten dauern dreimal 13 Tage. Das Leitungsteam wird in der 1. und 3. Dekade von der wtj eingesetzt und besteht bisher \u00fcberwiegend aus den die Vereinsgruppen betreuenden \u00dcbungsleiter\/innen. In der 2. Dekade kann das Zeltlager auch von anderen Gruppen belegt werden. Es k\u00f6nnen bis zu 120 Kinder und 22 Betreuer\/innen untergebracht werden.<\/div>\n<div style=\"text-align: left;\" align=\"center\">Aber auch vor und nach den Sommerferien, etwa von Mai bis September, werden die Zelte, Betreuerh\u00e4user und Einrichtungen f\u00fcr Jugendgruppen -auch anderer Verb\u00e4nde und Organisationen- zur Verf\u00fcgung gestellt.<\/div>\n<div style=\"text-align: left;\" align=\"center\">Ebenso steht es f\u00fcr Landschulaufenthalte von Grund- Haupt- und Realschulen sowie Gymnasien der Regierungsbezirke Arnsberg, Detmold und M\u00fcnster zur Verf\u00fcgung.<\/div>\n<div style=\"text-align: left;\" align=\"center\">\n<p style=\"text-align: left;\">Da das Zeltlager nicht \u201evermarktet\u201c wird, hat es einen hohen p\u00e4dagogischen Wert. Der Erfolg ist gro\u00df. Durch das intensive Zusammenleben unter nat\u00fcrlichen und einfachen Verh\u00e4ltnissen und Voraussetzungen erleben und lernen die Teilnehmer\/innen nicht nur bei Sport, Spiel und Spa\u00df die Wichtigkeit der Mithilfe und Mitverantwortung in der Gemeinschaft. Zum Ferienabschluss findet im Zeltlager seit etlichen Jahren noch die wtj-Familienfreizeit statt, die bei vielen Familien sehr beliebt ist.<\/p>\n<\/div>\n<p>[\/vc_column_text][vc_single_image image=&#8220;198&#8243; img_size=&#8220;large&#8220;][\/vc_tta_section][vc_tta_section title=&#8220;Verpflegung&#8220; tab_id=&#8220;1641830455235-8f06e689-fc53&#8243;][vc_column_text]Vollverpflegung: 4 Mahlzeiten<br \/>\nIn Warmhaltebeh\u00e4ltern wird das Essen von den Teilnehmern in der Turnschulk\u00fcche abgeholt und ins Lager transportiert.<br \/>\nDie Essenverteilung und das Sp\u00fclen sowie Abtrocknen des Geschirrs werden lagerintern organisiert.[\/vc_column_text][vc_single_image image=&#8220;2006&#8243; img_size=&#8220;large&#8220;][\/vc_tta_section][\/vc_tta_accordion][\/vc_column][\/vc_row]<\/p>\n","protected":false},"excerpt":{"rendered":"<p>[vc_row][vc_column icons_position=&#8220;left&#8220;][vc_empty_space hide_on_desktop=&#8220;&#8220; hide_on_notebook=&#8220;&#8220; hide_on_tablet=&#8220;&#8220; hide_on_mobile=&#8220;&#8220;][\/vc_column][\/vc_row][vc_row hide_bg_image_on_tablet=&#8220;&#8220; hide_bg_image_on_mobile=&#8220;&#8220; css=&#8220;.vc_custom_1528968706455{margin-top: -6vw !important;}&#8220;][vc_column width=&#8220;1\/2&#8243; hide_bg_image_on_tablet=&#8220;&#8220; hide_bg_image_on_mobile=&#8220;&#8220; icons_position=&#8220;left&#8220; css=&#8220;.vc_custom_1528968710266{margin-top: 6vw !important;}&#8220;][\/vc_column][vc_column width=&#8220;1\/2&#8243; hide_bg_image_on_tablet=&#8220;&#8220; hide_bg_image_on_mobile=&#8220;&#8220; icons_position=&#8220;left&#8220; css=&#8220;.vc_custom_1528968714514{margin-top: 6vw !important;}&#8220;][vc_single_image image=&#8220;2000&#8243; img_size=&#8220;619&#215;674&#8243; css=&#8220;.vc_custom_1641815935391{margin-top: 20px !important;}&#8220;][\/vc_column][\/vc_row][vc_row hide_bg_image_on_tablet=&#8220;&#8220; hide_bg_image_on_mobile=&#8220;&#8220; css=&#8220;.vc_custom_1641830989856{background-color: rgba(255,255,255,0.01) !important;*background-color: rgb(255,255,255) !important;}&#8220;][vc_column width=&#8220;6\/12&#8243; hide_bg_image_on_tablet=&#8220;&#8220; hide_bg_image_on_mobile=&#8220;&#8220; icons_position=&#8220;left&#8220; css=&#8220;.vc_custom_1528969456701{margin-top: 6vw !important;}&#8220;][vc_single_image image=&#8220;2268&#8243; img_size=&#8220;619&#215;675&#8243;][\/vc_column][vc_column width=&#8220;5\/12&#8243; hide_bg_image_on_tablet=&#8220;&#8220; hide_bg_image_on_mobile=&#8220;&#8220; icons_position=&#8220;left&#8220; css=&#8220;.vc_custom_1642446148419{margin-top: 6vw !important;}&#8220;][vc_empty_space height=&#8220;4vw&#8220; alter_height=&#8220;none&#8220; hide_on_desktop=&#8220;&#8220; hide_on_notebook=&#8220;&#8220; hide_on_tablet=&#8220;1&#8243; hide_on_mobile=&#8220;1&#8243;][vc_progress_bar values=&#8220;%5B%7B%22label%22%3A%22Spa%C3%9F%22%2C%22value%22%3A%22100%22%2C%22color%22%3A%22custom%22%2C%22customcolor%22%3A%22%23f2682a%22%7D%2C%7B%22label%22%3A%22Action%20pur%22%2C%22value%22%3A%22100%22%2C%22color%22%3A%22custom%22%2C%22customcolor%22%3A%22%23f2682a%22%7D%2C%7B%22label%22%3A%22Sport%20%22%2C%22value%22%3A%22100%22%2C%22color%22%3A%22custom%22%2C%22customcolor%22%3A%22%23f2682a%22%7D%2C%7B%22label%22%3A%22Spiele%22%2C%22value%22%3A%22100%22%2C%22color%22%3A%22custom%22%2C%22customcolor%22%3A%22%23f2682a%22%7D%5D&#8220;&hellip;<\/p>\n","protected":false},"author":1,"featured_media":0,"parent":0,"menu_order":0,"comment_status":"closed","ping_status":"closed","template":"","meta":[],"_links":{"self":[{"href":"http:\/\/homepage.zeltlager-ow.de\/index.php?rest_route=\/wp\/v2\/pages\/2259"}],"collection":[{"href":"http:\/\/homepage.zeltlager-ow.de\/index.php?rest_route=\/wp\/v2\/pages"}],"about":[{"href":"http:\/\/homepage.zeltlager-ow.de\/index.php?rest_route=\/wp\/v2\/types\/page"}],"author":[{"embeddable":true,"href":"http:\/\/homepage.zeltlager-ow.de\/index.php?rest_route=\/wp\/v2\/users\/1"}],"replies":[{"embeddable":true,"href":"http:\/\/homepage.zeltlager-ow.de\/index.php?rest_route=%2Fwp%2Fv2%2Fcomments&post=2259"}],"version-history":[{"count":29,"href":"http:\/\/homepage.zeltlager-ow.de\/index.php?rest_route=\/wp\/v2\/pages\/2259\/revisions"}],"predecessor-version":[{"id":2333,"href":"http:\/\/homepage.zeltlager-ow.de\/index.php?rest_route=\/wp\/v2\/pages\/2259\/revisions\/2333"}],"wp:attachment":[{"href":"http:\/\/homepage.zeltlager-ow.de\/index.php?rest_route=%2Fwp%2Fv2%2Fmedia&parent=2259"}],"curies":[{"name":"wp","href":"https:\/\/api.w.org\/{rel}","templated":true}]}}